{"id":18629,"date":"2019-04-11T11:50:04","date_gmt":"2019-04-11T09:50:04","guid":{"rendered":"https:\/\/avant.pl\/datenschutzerklaerung\/"},"modified":"2026-03-04T14:12:15","modified_gmt":"2026-03-04T13:12:15","slug":"datenschutzerklaerung","status":"publish","type":"page","link":"https:\/\/avant.pl\/de\/datenschutzerklaerung\/","title":{"rendered":"Datenschutzerkl\u00e4rung"},"content":{"rendered":"<h2 class=\"wp-block-heading\">Wer wir sind<\/h2><p>Die Adresse unserer Website lautet: https:\/\/avant.pl.<\/p><h2 class=\"wp-block-heading\">Welche pers\u00f6nlichen Informationen wir sammeln und warum wir sie sammeln<\/h2><h3 class=\"wp-block-heading\">Kommentare<\/h3><p>Wenn ein Website-Besucher einen Kommentar hinterl\u00e4sst, sammeln wir die im Kommentarformular sichtbaren Daten sowie die IP-Adresse des Besuchers und die Browsersignatur, um Spam zu erkennen.<\/p><p>Ein anonymisierter String, der aus Ihrer E-Mail-Adresse erstellt wird (ein sogenannter Hash), kann an Gravatar gesendet werden, um zu \u00fcberpr\u00fcfen, dass Sie ihn verwenden. Die Datenschutzrichtlinie von Gravatar ist hier verf\u00fcgbar: https:\/\/automattic.com\/privacy\/. Sobald ein Kommentar genehmigt wurde, ist dein Profilbild im Kontext deines Kommentars f\u00fcr die \u00d6ffentlichkeit sichtbar. <\/p><h3 class=\"wp-block-heading\">Medien<\/h3><p>Wenn Sie ein registrierter Nutzer sind und Bilder auf die Seite hochladen, sollten Sie vermeiden, Bilder mit Standort-EXIF-Tags hochzuladen. Besucher der Website k\u00f6nnen die vollst\u00e4ndigen Standortdaten auf den Bildern herunterladen und lesen. <\/p><h3 class=\"wp-block-heading\">Kontaktformulare<\/h3><h3 class=\"wp-block-heading\">Kekse<\/h3><p>Wenn Sie einen Kommentar auf unserer Website hinterlassen, k\u00f6nnen Sie w\u00e4hlen, ob Sie Ihren Namen, Ihre E-Mail-Adresse und Ihre Website-Adresse in Cookies speichern, dank denen die oben genannten Informationen bequem beim Schreiben weiterer Kommentare erg\u00e4nzt werden. Diese Kekse laufen nach einem Jahr ab. <\/p><p>Wenn Sie ein Konto haben und sich auf dieser Website anmelden, erstellen wir ein tempor\u00e4res Cookie, um zu pr\u00fcfen, ob Ihr Browser Cookies akzeptiert. Dieses Cookie enth\u00e4lt keine pers\u00f6nlichen Informationen und wird abgelehnt, wenn Sie Ihren Browser schlie\u00dfen. <\/p><p>Wenn Sie sich anmelden, erstellen wir au\u00dferdem eine Reihe von Cookies, die ben\u00f6tigt werden, um Ihre Login-Informationen und ausgew\u00e4hlte Bildschirmoptionen zu speichern. Login-Cookies laufen nach zwei Tagen ab und Screen-Cookies nach einem Jahr. Wenn du &#8222;Remember me&#8220; ankreuzt, l\u00e4uft deine Anmeldung nach zwei Wochen ab. Wenn Sie sich aus Ihrem Konto ausloggen, werden Ihre Login-Cookies gel\u00f6scht.   <\/p><p>Wenn Sie einen Artikel bearbeiten oder ver\u00f6ffentlichen, wird ein zus\u00e4tzliches Cookie in Ihrem Browser gespeichert. Dieses Cookie enth\u00e4lt keine pers\u00f6nlichen Informationen, sondern zeigt lediglich auf die ID des gerade bearbeiteten Artikels. Sie l\u00e4uft nach 1 Tag ab.  <\/p><h3 class=\"wp-block-heading\">Eingebettete Inhalte von anderen Seiten<\/h3><p>Artikel auf dieser Seite k\u00f6nnen eingebettete Inhalte enthalten (z. B. Videos, Bilder, Artikel usw.). Eingebettete Inhalte anderer Seiten verhalten sich analog dazu, dass der Nutzer eine bestimmte Seite direkt besucht. <\/p><p>Die Seiten k\u00f6nnen Informationen \u00fcber Sie sammeln, Cookies verwenden, zus\u00e4tzliche Drittanbieter-Tracking-Systeme einbauen und Ihre Interaktionen mit dem eingebetteten Material \u00fcberwachen, einschlie\u00dflich der Nachverfolgung Ihrer Interaktionen mit dem eingebetteten Material, sofern Sie ein Konto haben und auf dieser Seite eingeloggt sind.<\/p><h3 class=\"wp-block-heading\">Analyse der Statistiken<\/h3><h2 class=\"wp-block-heading\">Mit wem teilen wir Daten<\/h2><h2 class=\"wp-block-heading\">Wie lange wir Ihre Daten speichern<\/h2><p>Wenn Sie einen Kommentar hinterlassen, werden dessen Inhalt und Metadaten unbegrenzt gespeichert. Dank dessen k\u00f6nnen wir nachfolgende Kommentare automatisch erkennen und genehmigen, ohne sie jedes Mal an die Moderation zu schicken. <\/p><p>F\u00fcr Nutzer, die sich auf unserer Website registriert haben (falls vorhanden), speichern wir auch die im Profil eingegebenen pers\u00f6nlichen Informationen. Jeder Nutzer kann jederzeit auf seine pers\u00f6nlichen Daten zugreifen, korrigieren oder l\u00f6schen (au\u00dfer einem Benutzernamen, der nicht ge\u00e4ndert werden kann). Site-Administratoren k\u00f6nnen diese Informationen ebenfalls einsehen und \u00e4ndern.  <\/p><h2 class=\"wp-block-heading\">Welche Rechte haben Sie an Ihren Daten<\/h2><p>Wenn Sie ein Benutzerkonto haben oder auf dieser Website kommentiert haben, k\u00f6nnen Sie darum bitten, dass wir eine Datei mit einem exportierten Satz Ihrer pers\u00f6nlichen Informationen bereitstellen, die wir besitzen, einschlie\u00dflich aller von Ihnen bereitgestellten Informationen. Sie k\u00f6nnen auch darum bitten, dass wir alle Ihre pers\u00f6nlichen Daten in unserem Besitz l\u00f6schen. Dies gilt nicht f\u00fcr Daten, die wir aus administrativen, rechtlichen oder sicherheitspolitischen Gr\u00fcnden aufbewahren m\u00fcssen.  <\/p><h2 class=\"wp-block-heading\">Wo wir Daten \u00fcbertragen<\/h2><p>G\u00e4stekommentare k\u00f6nnen mit einem automatisierten Spam-Erkennungsdienst \u00fcberpr\u00fcft werden.<\/p><h2 class=\"wp-block-heading\">Ihre Kontaktdaten<\/h2><h2 class=\"wp-block-heading\">Zus\u00e4tzliche Informationen<\/h2><h3 class=\"wp-block-heading\">Wie sch\u00fctzen wir Ihre Daten?<\/h3><h3 class=\"wp-block-heading\">Welche Verfahren haben wir im Falle einer Datenschutzverletzung<\/h3><h3 class=\"wp-block-heading\">Von welchen Drittanbietern erhalten wir Daten<\/h3><h3 class=\"wp-block-heading\">Welche automatisierte Entscheidungsfindung und\/oder Profilierung wir mit Ihren Daten durchf\u00fchren<\/h3><h3 class=\"wp-block-heading\">Branchenregulatorische Anforderungen zur Offenlegung<\/h3>","protected":false},"excerpt":{"rendered":"<p>Wer wir sind Die Adresse unserer Website lautet: https:\/\/avant.pl. Welche pers\u00f6nlichen Informationen wir sammeln und warum wir sie sammeln Kommentare Wenn ein Website-Besucher einen Kommentar hinterl\u00e4sst, sammeln wir die im [&hellip;]<\/p>\n","protected":false},"author":29,"featured_media":0,"parent":0,"menu_order":97,"comment_status":"closed","ping_status":"open","template":"templates\/prosta-strona.php","meta":{"om_disable_all_campaigns":false,"_monsterinsights_skip_tracking":false,"_monsterinsights_sitenote_active":false,"_monsterinsights_sitenote_note":"","_monsterinsights_sitenote_category":0},"class_list":["post-18629","page","type-page","status-publish","hentry"],"_links":{"self":[{"href":"https:\/\/avant.pl\/de\/wp-json\/wp\/v2\/pages\/18629","targetHints":{"allow":["GET"]}}],"collection":[{"href":"https:\/\/avant.pl\/de\/wp-json\/wp\/v2\/pages"}],"about":[{"href":"https:\/\/avant.pl\/de\/wp-json\/wp\/v2\/types\/page"}],"author":[{"embeddable":true,"href":"https:\/\/avant.pl\/de\/wp-json\/wp\/v2\/users\/29"}],"replies":[{"embeddable":true,"href":"https:\/\/avant.pl\/de\/wp-json\/wp\/v2\/comments?post=18629"}],"version-history":[{"count":1,"href":"https:\/\/avant.pl\/de\/wp-json\/wp\/v2\/pages\/18629\/revisions"}],"predecessor-version":[{"id":18630,"href":"https:\/\/avant.pl\/de\/wp-json\/wp\/v2\/pages\/18629\/revisions\/18630"}],"wp:attachment":[{"href":"https:\/\/avant.pl\/de\/wp-json\/wp\/v2\/media?parent=18629"}],"curies":[{"name":"wp","href":"https:\/\/api.w.org\/{rel}","templated":true}]}}